{"id":172,"date":"2019-02-02T10:14:40","date_gmt":"2019-02-02T09:14:40","guid":{"rendered":"http:\/\/el.furger-partner.com\/?page_id=172"},"modified":"2025-02-12T18:49:28","modified_gmt":"2025-02-12T17:49:28","slug":"realizations","status":"publish","type":"page","link":"https:\/\/elasticliving.eu\/de\/realizations\/","title":{"rendered":"REALISIERUNGEN"},"content":{"rendered":"<h4 id=\"lech\"> <\/h4>\n\n\n\n<p class=\"has-medium-font-size\">Firma HALTER www.halter.ch baut seit 2019 erfolgreich Wohneinheiten unter Lizenz und Vorlage von elastic LIVING by Angelo Roventa\u00ae .<\/p>\n\n\n\n<p class=\"has-medium-font-size\">Bisher wurden Anlagen an folgenden Standorten realisiert: Adliswil (41), Z\u00fcrich (55), Wetzikon (15), Basel (129), Sitten (39), Schaffhausen (17), G\u00fcmligen bei Bern (7) und Suhr (14). In der Schweiz wird elastic Living\u00ae unter dem Namen Movement\u00ae angeboten. <a href=\"https:\/\/move-ment.ch\">https:\/\/move-ment.ch<\/a>.<\/p>\n\n\n\n<h4 class=\"has-medium-font-size\" id=\"lech\">2019: Uetlihus in  Adliswil, Schweiz <\/h4>\n\n\n\n<p class=\"has-medium-font-size\">Realisierung von 41 Einheiten basierend auf elastic_LIVING, bezugsbereit per September 2019. <\/p>\n\n\n\n<figure class=\"wp-block-image\"><img decoding=\"async\" loading=\"lazy\" width=\"872\" height=\"373\" src=\"https:\/\/elasticliving.eu\/wp-content\/uploads\/2019\/02\/3945_AP01_V02.jpg\" alt=\"\" class=\"wp-image-586\" srcset=\"https:\/\/elasticliving.eu\/wp-content\/uploads\/2019\/02\/3945_AP01_V02.jpg 872w, https:\/\/elasticliving.eu\/wp-content\/uploads\/2019\/02\/3945_AP01_V02-300x128.jpg 300w, https:\/\/elasticliving.eu\/wp-content\/uploads\/2019\/02\/3945_AP01_V02-768x329.jpg 768w\" sizes=\"(max-width: 767px) 89vw, (max-width: 1000px) 54vw, (max-width: 1071px) 543px, 580px\" \/><figcaption class=\"wp-element-caption\">Quelle: Halter<\/figcaption><\/figure>\n\n\n\n<p><a href=\"https:\/\/www.move-ment.ch\" target=\"_blank\" rel=\"noreferrer noopener\" aria-label=\" (opens in a new tab)\">https:\/\/www.move-ment.ch<\/a><\/p>\n\n\n\n<p><a href=\"https:\/\/the-jay.ch\/movement\" target=\"_blank\" rel=\"noreferrer noopener\" aria-label=\" (opens in a new tab)\">https:\/\/the-jay.ch\/movement<\/a><\/p>\n\n\n\n<p><a href=\"https:\/\/www.srf.ch\/play\/radio\/popupaudioplayer?id=87e7c845-5152-4c7b-86d6-d47f869c0af6\" target=\"_blank\" rel=\"noreferrer noopener\" aria-label=\" (opens in a new tab)\">https:\/\/www.srf.ch\/play\/radio\/popupaudioplayer?id=87e7c845-5152-4c7b-86d6-d47f869c0af6<\/a><\/p>\n\n\n\n<h4 class=\"has-medium-font-size\" id=\"lech\">Hotel Kar in LECH, \u00d6sterreich<\/h4>\n\n\n\n<p class=\"has-medium-font-size\">Im Apartmenthotel Kar in Oberlech wurde die Elastic_Livingunit in eine luxuri\u00f6se Ferienwohnung eingebaut. Hochglanzwei\u00dfe Technik zu den dunkelbraunen Schichtplatten der bestehenden M\u00f6blierung von Kinderkojen, Feuerplatz und gro\u00dfem Essbereich. Fotos: Darko Todorovic<\/p>\n\n\n\n\n\n\n\n<p>Video Haus KAR<\/p>\n\n\n<div class=\"vimeotheque-player align-left landscape\" data-title=\"1\" data-byline=\"1\" data-portrait=\"1\" data-color=\"\" data-fullscreen=\"1\" data-autoplay=\"1\" data-aspect_ratio=\"16x9\" data-aspect_override=\"\" data-width=\"640\" data-video_position=\"below-content\" data-volume=\"25\" data-js_embed=\"\" data-loop=\"0\" data-dnt=\"0\" data-max_height=\"0\" data-video_align=\"align-left\" data-lazy_load=\"\" data-play_icon_color=\"#FF0000\" data-playlist_loop=\"0\" data-start_time=\"0\" data-muted=\"\" data-background=\"\" data-transparent=\"\" data-size_ratio=\"1.8\" data-video_id=\"348330226\" style=\"width:640px; height:355px; max-width:100%;\"><iframe src=\"https:\/\/player.vimeo.com\/video\/348330226?autoplay=1&muted=0&loop=0&title=1&byline=1&portrait=1&color=&dnt=0&background=0&transparent=0\" width=\"100%\" height=\"100%\" frameborder=\"0\" webkitallowfullscreen mozallowfullscreen allowfullscreen><\/iframe><\/div>\n\n\n\n<hr class=\"wp-block-separator has-css-opacity\"\/>\n\n\n\n<h4 id=\"dornbirn\">Private Wohnung SCHLOSSBR\u00c4U DORNBIRN<\/h4>\n\n\n\n<p>Im gemeinn\u00fctzigen Wohnungsbau ist leistbares Wohnen Maxime. Auf 50 m2 ist gro\u00dfz\u00fcgiges Wohnen m\u00f6glich<sup>2<\/sup>. Der Mieter sch\u00e4tzt es sehr.<\/p>\n\n\n\n\n\n\n\n<p>Video: Galileo-Genial<\/p>\n\n\n<div class=\"vimeotheque-player align-left landscape\" data-title=\"1\" data-byline=\"0\" data-portrait=\"0\" data-color=\"\" data-fullscreen=\"1\" data-autoplay=\"1\" data-aspect_ratio=\"16x9\" data-aspect_override=\"\" data-width=\"640\" data-video_position=\"below-content\" data-volume=\"25\" data-js_embed=\"\" data-loop=\"0\" data-dnt=\"0\" data-max_height=\"0\" data-video_align=\"align-left\" data-lazy_load=\"\" data-play_icon_color=\"#FF0000\" data-playlist_loop=\"0\" data-start_time=\"0\" data-muted=\"\" data-background=\"\" data-transparent=\"\" data-size_ratio=\"1.78\" data-video_id=\"314809098\" style=\"width:640px; height:359px; max-width:100%;\"><iframe src=\"https:\/\/player.vimeo.com\/video\/314809098?autoplay=1&muted=0&loop=0&title=1&byline=0&portrait=0&color=&dnt=0&background=0&transparent=0\" width=\"100%\" height=\"100%\" frameborder=\"0\" webkitallowfullscreen mozallowfullscreen allowfullscreen><\/iframe><\/div>\n\n\n\n<p>Video: ARD<\/p>\n\n\n<div class=\"vimeotheque-player align-left landscape\" data-title=\"1\" data-byline=\"0\" data-portrait=\"0\" data-color=\"\" data-fullscreen=\"1\" data-autoplay=\"1\" data-aspect_ratio=\"16x9\" data-aspect_override=\"\" data-width=\"640\" data-video_position=\"below-content\" data-volume=\"25\" data-js_embed=\"\" data-loop=\"0\" data-dnt=\"0\" data-max_height=\"0\" data-video_align=\"align-left\" data-lazy_load=\"\" data-play_icon_color=\"#FF0000\" data-playlist_loop=\"0\" data-start_time=\"0\" data-muted=\"\" data-background=\"\" data-transparent=\"\" data-size_ratio=\"1.96\" data-video_id=\"314809464\" style=\"width:640px; height:326px; max-width:100%;\"><iframe src=\"https:\/\/player.vimeo.com\/video\/314809464?autoplay=1&muted=0&loop=0&title=1&byline=0&portrait=0&color=&dnt=0&background=0&transparent=0\" width=\"100%\" height=\"100%\" frameborder=\"0\" webkitallowfullscreen mozallowfullscreen allowfullscreen><\/iframe><\/div>\n\n\n\n<p><\/p>\n\n\n\n<h4 id=\"bregenzerwald\">Wald Wohn Werkraum im Bregenzerwald<\/h4>\n\n\n\n<p>Ein Schl\u00fcssel zum zuk\u00fcnftigen Wohnen hei\u00dft Leerstand. Die mobile Wohnbox wird als Zwischennutzung im nicht mehr gebrauchten Stadel im Bregenzerwald implantiert.<\/p>\n\n\n\n\n\n\n<div class=\"vimeotheque-player align-left landscape\" data-title=\"1\" data-byline=\"0\" data-portrait=\"0\" data-color=\"\" data-fullscreen=\"1\" data-autoplay=\"1\" data-aspect_ratio=\"16x9\" data-aspect_override=\"\" data-width=\"640\" data-video_position=\"below-content\" data-volume=\"25\" data-js_embed=\"\" data-loop=\"0\" data-dnt=\"0\" data-max_height=\"0\" data-video_align=\"align-left\" data-lazy_load=\"\" data-play_icon_color=\"#FF0000\" data-playlist_loop=\"0\" data-start_time=\"0\" data-muted=\"\" data-background=\"\" data-transparent=\"\" data-size_ratio=\"1.78\" data-video_id=\"314809421\" style=\"width:640px; height:359px; max-width:100%;\"><iframe src=\"https:\/\/player.vimeo.com\/video\/314809421?autoplay=1&muted=0&loop=0&title=1&byline=0&portrait=0&color=&dnt=0&background=0&transparent=0\" width=\"100%\" height=\"100%\" frameborder=\"0\" webkitallowfullscreen mozallowfullscreen allowfullscreen><\/iframe><\/div>\n\n\n\n<p class=\"has-medium-font-size\">Weitere Infomationen auf&nbsp;<strong><a href=\"http:\/\/wald-wohn-werkraum.mystrikingly.com\/\" target=\"_blank\" rel=\"noreferrer noopener\" aria-label=\" (opens in a new tab)\">www.wald-wohn-werkraum.com<\/a><\/strong><\/p>","protected":false},"excerpt":{"rendered":"<p>Company HALTER www.halter.ch has been successfully building residential units under license and template of elastic LIVING by Angelo Roventa\u00ae since 2019. So far, units have been realized in the following locations: Adliswil (41), Zurich (55), Wetzikon (15), Basel (129), Sion (39), Schaffhausen (17), G\u00fcmligen bei Bern (7) and Suhr (14). In Switzerland, elastic Living\u00ae is &hellip; <\/p>\n<p class=\"link-more\"><a href=\"https:\/\/elasticliving.eu\/de\/realizations\/\" class=\"more-link\"><span class=\"screen-reader-text\">\u201eREALIZATIONS\u201c<\/span> weiterlesen<\/a><\/p>","protected":false},"author":1,"featured_media":0,"parent":0,"menu_order":0,"comment_status":"closed","ping_status":"closed","template":"","meta":{"__cvm_playback_settings":[],"__cvm_video_id":""},"_links":{"self":[{"href":"https:\/\/elasticliving.eu\/de\/wp-json\/wp\/v2\/pages\/172"}],"collection":[{"href":"https:\/\/elasticliving.eu\/de\/wp-json\/wp\/v2\/pages"}],"about":[{"href":"https:\/\/elasticliving.eu\/de\/wp-json\/wp\/v2\/types\/page"}],"author":[{"embeddable":true,"href":"https:\/\/elasticliving.eu\/de\/wp-json\/wp\/v2\/users\/1"}],"replies":[{"embeddable":true,"href":"https:\/\/elasticliving.eu\/de\/wp-json\/wp\/v2\/comments?post=172"}],"version-history":[{"count":103,"href":"https:\/\/elasticliving.eu\/de\/wp-json\/wp\/v2\/pages\/172\/revisions"}],"predecessor-version":[{"id":1040,"href":"https:\/\/elasticliving.eu\/de\/wp-json\/wp\/v2\/pages\/172\/revisions\/1040"}],"wp:attachment":[{"href":"https:\/\/elasticliving.eu\/de\/wp-json\/wp\/v2\/media?parent=172"}],"curies":[{"name":"wp","href":"https:\/\/api.w.org\/{rel}","templated":true}]}}