{"id":185,"date":"2019-02-02T10:29:24","date_gmt":"2019-02-02T09:29:24","guid":{"rendered":"http:\/\/el.furger-partner.com\/?page_id=185"},"modified":"2019-08-18T16:15:31","modified_gmt":"2019-08-18T14:15:31","slug":"concept","status":"publish","type":"page","link":"https:\/\/elasticliving.eu\/de\/concept\/","title":{"rendered":"KONZEPT"},"content":{"rendered":"<h2>Maximieren des nutzbaren Raumes<\/h2>\n\n\n\n<p><em>elastic<\/em>_LIVING\u00ae macht immer dort Platz, wo er gebraucht wird. Durch manuelles oder elektrisches Verschieben der Module wird Raum f\u00fcr das t\u00e4gliche Wohnen geschaffen. <\/p>\n\n\n\n<figure class=\"wp-block-image\"><img decoding=\"async\" loading=\"lazy\" width=\"1289\" height=\"768\" src=\"https:\/\/elasticliving.eu\/wp-content\/uploads\/2019\/05\/GIF-1.-089-x-298-m.gif\" alt=\"\" class=\"wp-image-773\"\/><\/figure>\n\n\n\n<p>Was das eine Zimmer nicht nutzt, wird dem belebten zugeschlagen. Es braucht nur eine Raumh\u00fclle von beliebiger Gr\u00f6\u00dfe (mindestens jedoch 20m2<sup>2<\/sup>) und Geometrie, in welche die Elastische Wohnung hinein gestellt wird. Es bleibt zudem gen\u00fcgend Platz zur individuellen Gestaltung um die eigene Wohnatmosph\u00e4re zu schaffen. <\/p>\n\n\n<div class=\"vimeotheque-player align-left landscape\" data-title=\"1\" data-byline=\"0\" data-portrait=\"0\" data-color=\"\" data-fullscreen=\"1\" data-autoplay=\"1\" data-aspect_ratio=\"16x9\" data-aspect_override=\"\" data-width=\"640\" data-video_position=\"below-content\" data-volume=\"25\" data-js_embed=\"\" data-loop=\"0\" data-dnt=\"0\" data-max_height=\"0\" data-video_align=\"align-left\" data-lazy_load=\"\" data-play_icon_color=\"#FF0000\" data-playlist_loop=\"0\" data-start_time=\"0\" data-muted=\"\" data-background=\"\" data-transparent=\"\" data-size_ratio=\"1.33\" data-video_id=\"314809493\" style=\"width:640px; height:481px; max-width:100%;\"><iframe src=\"https:\/\/player.vimeo.com\/video\/314809493?autoplay=1&muted=0&loop=0&title=1&byline=0&portrait=0&color=&dnt=0&background=0&transparent=0\" width=\"100%\" height=\"100%\" frameborder=\"0\" webkitallowfullscreen mozallowfullscreen allowfullscreen><\/iframe><\/div>\n\n\n\n<p><\/p>\n\n\n\n<p>elastic-Living kann von einer einzelnen Person, von Paaren und auch von Familien genutzt werden. Die Module sind nach funktionalen und ergonomischen Gesichtspunkten zusammengestellt und k\u00f6nnen in verschiedenen Materialien und Farben ausgef\u00fchrt werden.<\/p>\n\n\n\n<p><\/p>","protected":false},"excerpt":{"rendered":"<p>Maximizing usable space elastic_LIVING\u00ae creates space where and when it is needed. By means of an easy to use manual or electrical mechanism, moveable furniture modules slide together or apart, improving everyday living space. When a room is not occupied, its space is added to the room currently in use. elastic-Living can be installed in &hellip; <\/p>\n<p class=\"link-more\"><a href=\"https:\/\/elasticliving.eu\/de\/concept\/\" class=\"more-link\"><span class=\"screen-reader-text\">\u201eCONCEPT\u201c<\/span> weiterlesen<\/a><\/p>","protected":false},"author":1,"featured_media":0,"parent":0,"menu_order":0,"comment_status":"closed","ping_status":"closed","template":"","meta":{"__cvm_playback_settings":[],"__cvm_video_id":""},"_links":{"self":[{"href":"https:\/\/elasticliving.eu\/de\/wp-json\/wp\/v2\/pages\/185"}],"collection":[{"href":"https:\/\/elasticliving.eu\/de\/wp-json\/wp\/v2\/pages"}],"about":[{"href":"https:\/\/elasticliving.eu\/de\/wp-json\/wp\/v2\/types\/page"}],"author":[{"embeddable":true,"href":"https:\/\/elasticliving.eu\/de\/wp-json\/wp\/v2\/users\/1"}],"replies":[{"embeddable":true,"href":"https:\/\/elasticliving.eu\/de\/wp-json\/wp\/v2\/comments?post=185"}],"version-history":[{"count":54,"href":"https:\/\/elasticliving.eu\/de\/wp-json\/wp\/v2\/pages\/185\/revisions"}],"predecessor-version":[{"id":1005,"href":"https:\/\/elasticliving.eu\/de\/wp-json\/wp\/v2\/pages\/185\/revisions\/1005"}],"wp:attachment":[{"href":"https:\/\/elasticliving.eu\/de\/wp-json\/wp\/v2\/media?parent=185"}],"curies":[{"name":"wp","href":"https:\/\/api.w.org\/{rel}","templated":true}]}}