{"id":50,"date":"2019-02-01T15:22:39","date_gmt":"2019-02-01T14:22:39","guid":{"rendered":"http:\/\/el.furger-partner.com\/?page_id=50"},"modified":"2019-05-11T09:27:09","modified_gmt":"2019-05-11T07:27:09","slug":"home","status":"publish","type":"page","link":"https:\/\/elasticliving.eu\/de\/","title":{"rendered":"HOME"},"content":{"rendered":"<p><em>elastic<\/em>_LIVING\u00ae, entwickelt und patentiert vom \u00f6sterreichischen Architekten Angelo Roventa, ist ein neues, zukunftsorientiertes und zeitgem\u00e4\u00dfes Wohnkonzept.&nbsp;<\/p>\n\n\n\n<p style=\"text-align:center\" class=\"has-medium-font-size translation-block\"><em> \u201eIch habe versucht, die philosophischen Aspekte von Zeit und Serialit\u00e4t in die Raumplanung einzubeziehen und sie in der Architektur umzusetzen\u201c,<\/em> sagt Roventa. <em> \u201e\u2026 ein Mensch kann nicht gleichzeitig an zwei Orten sein. Wir haben auch unterschiedliche Bed\u00fcrfnisse in verschiedenen Phasen unseres Lebens. \u201c<\/em><\/p>\n\n\n\n<figure class=\"wp-block-image\"><img decoding=\"async\" loading=\"lazy\" width=\"1289\" height=\"768\" src=\"https:\/\/elasticliving.eu\/wp-content\/uploads\/2019\/05\/GIF-1.-089-x-298-m.gif\" alt=\"\" class=\"wp-image-773\"\/><\/figure>\n\n\n\n<p>Verschiebbare Einbaumodule erm\u00f6glichen es den Bewohnern, durch Drehen einer Kurbel oder Bet\u00e4tigen eines Schalters verschiedene R\u00e4ume zu schaffen. Module k\u00f6nnen in verschiedenen Kombinationen getrennt oder zusammengeschoben werden, sodass bestimmte Funktionsr\u00e4ume dazwischen ge\u00f6ffnet und andere geschlossen werden k\u00f6nnen. Der Wohnraum wird \u201edorthin verschoben\u201c, wo er gerade gebraucht wird, daher der Name. <\/p>","protected":false},"excerpt":{"rendered":"<p>elastic_LIVING\u00ae , developed and patented by the Austrian architect Angelo Roventa, is a new housing concept that is both future-oriented and in step with the spirit of our time.&nbsp; \u201cI tried to incorporate the philosophical aspects of time and seriality into spatial planning, and realize them in architecture,\u201d&nbsp;says Roventa,&nbsp;\u201c&#8230;a man cannot be in two places &hellip; <\/p>\n<p class=\"link-more\"><a href=\"https:\/\/elasticliving.eu\/de\/\" class=\"more-link\"><span class=\"screen-reader-text\">\u201eHOME\u201c<\/span> weiterlesen<\/a><\/p>","protected":false},"author":1,"featured_media":0,"parent":0,"menu_order":0,"comment_status":"closed","ping_status":"closed","template":"","meta":{"__cvm_playback_settings":[],"__cvm_video_id":""},"_links":{"self":[{"href":"https:\/\/elasticliving.eu\/de\/wp-json\/wp\/v2\/pages\/50"}],"collection":[{"href":"https:\/\/elasticliving.eu\/de\/wp-json\/wp\/v2\/pages"}],"about":[{"href":"https:\/\/elasticliving.eu\/de\/wp-json\/wp\/v2\/types\/page"}],"author":[{"embeddable":true,"href":"https:\/\/elasticliving.eu\/de\/wp-json\/wp\/v2\/users\/1"}],"replies":[{"embeddable":true,"href":"https:\/\/elasticliving.eu\/de\/wp-json\/wp\/v2\/comments?post=50"}],"version-history":[{"count":5,"href":"https:\/\/elasticliving.eu\/de\/wp-json\/wp\/v2\/pages\/50\/revisions"}],"predecessor-version":[{"id":782,"href":"https:\/\/elasticliving.eu\/de\/wp-json\/wp\/v2\/pages\/50\/revisions\/782"}],"wp:attachment":[{"href":"https:\/\/elasticliving.eu\/de\/wp-json\/wp\/v2\/media?parent=50"}],"curies":[{"name":"wp","href":"https:\/\/api.w.org\/{rel}","templated":true}]}}